{"id":4850,"date":"2022-03-16T11:24:26","date_gmt":"2022-03-16T11:24:26","guid":{"rendered":"http:\/\/welcome.esmoli.com\/horarios-servicios\/"},"modified":"2026-04-22T17:08:10","modified_gmt":"2026-04-22T15:08:10","slug":"service-offnungszeiten","status":"publish","type":"page","link":"https:\/\/welcome.esmoli.com\/de\/service-offnungszeiten\/","title":{"rendered":"Horarios Servicios"},"content":{"rendered":"\t\t<div data-elementor-type=\"wp-page\" data-elementor-id=\"4850\" class=\"elementor elementor-4850 elementor-4750\">\n\t\t\t\t\t\t<section class=\"elementor-section elementor-top-section elementor-element elementor-element-2972435 elementor-section-boxed elementor-section-height-default elementor-section-height-default\" data-id=\"2972435\" data-element_type=\"section\" id=\"barraSuperior\" data-settings=\"{&quot;background_background&quot;:&quot;classic&quot;}\">\n\t\t\t\t\t\t<div class=\"elementor-container elementor-column-gap-default\">\n\t\t\t\t\t<div class=\"elementor-column elementor-col-100 elementor-top-column elementor-element elementor-element-404060b\" data-id=\"404060b\" data-element_type=\"column\">\n\t\t\t<div class=\"elementor-widget-wrap elementor-element-populated\">\n\t\t\t\t\t\t<div class=\"elementor-element elementor-element-1f7a304 elementor-align-left elementor-widget__width-auto elementor-widget elementor-widget-button\" data-id=\"1f7a304\" data-element_type=\"widget\" data-widget_type=\"button.default\">\n\t\t\t\t<div class=\"elementor-widget-container\">\n\t\t\t\t\t<div class=\"elementor-button-wrapper\">\n\t\t\t<a class=\"elementor-button elementor-button-link elementor-size-sm\" href=\"https:\/\/welcome.esmoli.com\/de\/\">\n\t\t\t\t\t\t<span class=\"elementor-button-content-wrapper\">\n\t\t\t\t\t\t<span class=\"elementor-button-icon elementor-align-icon-left\">\n\t\t\t\t<i aria-hidden=\"true\" class=\"far fa-arrow-alt-circle-left\"><\/i>\t\t\t<\/span>\n\t\t\t\t\t\t<span class=\"elementor-button-text\">Zur\u00fcck<\/span>\n\t\t<\/span>\n\t\t\t\t\t<\/a>\n\t\t<\/div>\n\t\t\t\t<\/div>\n\t\t\t\t<\/div>\n\t\t\t\t<div class=\"elementor-element elementor-element-fb6a456 elementor-widget__width-auto elementor-widget elementor-widget-wpml-language-switcher\" data-id=\"fb6a456\" data-element_type=\"widget\" data-widget_type=\"wpml-language-switcher.default\">\n\t\t\t\t<div class=\"elementor-widget-container\">\n\t\t\t<div class=\"wpml-elementor-ls\">\n<div class=\"wpml-ls-statics-shortcode_actions wpml-ls wpml-ls-legacy-list-horizontal\">\n\t<ul><li class=\"wpml-ls-slot-shortcode_actions wpml-ls-item wpml-ls-item-es wpml-ls-first-item wpml-ls-item-legacy-list-horizontal\">\n\t\t\t\t<a href=\"http:\/\/welcome.esmoli.com\" class=\"wpml-ls-link\">\n                                                        <img decoding=\"async\"\n            class=\"wpml-ls-flag\"\n            src=\"https:\/\/welcome.esmoli.com\/wp-content\/plugins\/sitepress-multilingual-cms\/res\/flags\/es.png\"\n            alt=\"Spanisch\"\n            width=18\n            height=12\n    \/><\/a>\n\t\t\t<\/li><li class=\"wpml-ls-slot-shortcode_actions wpml-ls-item wpml-ls-item-en wpml-ls-item-legacy-list-horizontal\">\n\t\t\t\t<a href=\"http:\/\/welcome.esmoli.com\/en\/\" class=\"wpml-ls-link\">\n                                                        <img decoding=\"async\"\n            class=\"wpml-ls-flag\"\n            src=\"https:\/\/welcome.esmoli.com\/wp-content\/plugins\/sitepress-multilingual-cms\/res\/flags\/en.png\"\n            alt=\"Englisch\"\n            width=18\n            height=12\n    \/><\/a>\n\t\t\t<\/li><li class=\"wpml-ls-slot-shortcode_actions wpml-ls-item wpml-ls-item-de wpml-ls-current-language wpml-ls-item-legacy-list-horizontal\">\n\t\t\t\t<a href=\"http:\/\/welcome.esmoli.com\/de\/\" class=\"wpml-ls-link\">\n                                                        <img decoding=\"async\"\n            class=\"wpml-ls-flag\"\n            src=\"https:\/\/welcome.esmoli.com\/wp-content\/plugins\/sitepress-multilingual-cms\/res\/flags\/de.png\"\n            alt=\"Deutsch\"\n            width=18\n            height=12\n    \/><\/a>\n\t\t\t<\/li><li class=\"wpml-ls-slot-shortcode_actions wpml-ls-item wpml-ls-item-fr wpml-ls-last-item wpml-ls-item-legacy-list-horizontal\">\n\t\t\t\t<a href=\"http:\/\/welcome.esmoli.com\/fr\/\" class=\"wpml-ls-link\">\n                                                        <img decoding=\"async\"\n            class=\"wpml-ls-flag\"\n            src=\"https:\/\/welcome.esmoli.com\/wp-content\/plugins\/sitepress-multilingual-cms\/res\/flags\/fr.png\"\n            alt=\"Franz\u00f6sisch\"\n            width=18\n            height=12\n    \/><\/a>\n\t\t\t<\/li><\/ul>\n<\/div>\n<\/div>\t\t<\/div>\n\t\t\t\t<\/div>\n\t\t\t\t\t<\/div>\n\t\t<\/div>\n\t\t\t\t\t<\/div>\n\t\t<\/section>\n\t\t\t\t<section class=\"elementor-section elementor-top-section elementor-element elementor-element-ff9cfdd elementor-section-boxed elementor-section-height-default elementor-section-height-default\" data-id=\"ff9cfdd\" data-element_type=\"section\">\n\t\t\t\t\t\t<div class=\"elementor-container elementor-column-gap-default\">\n\t\t\t\t\t<div class=\"elementor-column elementor-col-100 elementor-top-column elementor-element elementor-element-4bf28ce\" data-id=\"4bf28ce\" data-element_type=\"column\">\n\t\t\t<div class=\"elementor-widget-wrap\">\n\t\t\t\t\t\t\t<\/div>\n\t\t<\/div>\n\t\t\t\t\t<\/div>\n\t\t<\/section>\n\t\t\t\t<section class=\"elementor-section elementor-top-section elementor-element elementor-element-be5a33e elementor-section-boxed elementor-section-height-default elementor-section-height-default\" data-id=\"be5a33e\" data-element_type=\"section\">\n\t\t\t\t\t\t<div class=\"elementor-container elementor-column-gap-default\">\n\t\t\t\t\t<div class=\"elementor-column elementor-col-100 elementor-top-column elementor-element elementor-element-ccdaaa9\" data-id=\"ccdaaa9\" data-element_type=\"column\">\n\t\t\t<div class=\"elementor-widget-wrap elementor-element-populated\">\n\t\t\t\t\t\t<div class=\"elementor-element elementor-element-6960cc4 elementor-widget elementor-widget-image\" data-id=\"6960cc4\" data-element_type=\"widget\" data-widget_type=\"image.default\">\n\t\t\t\t<div class=\"elementor-widget-container\">\n\t\t\t\t\t\t\t\t\t\t\t\t\t<img decoding=\"async\" width=\"300\" height=\"145\" src=\"https:\/\/welcome.esmoli.com\/wp-content\/uploads\/2026\/03\/Es-Moli-hotel_logo_granate-300x145.png\" class=\"attachment-medium size-medium wp-image-10222\" alt=\"\" srcset=\"https:\/\/welcome.esmoli.com\/wp-content\/uploads\/2026\/03\/Es-Moli-hotel_logo_granate-300x145.png 300w, https:\/\/welcome.esmoli.com\/wp-content\/uploads\/2026\/03\/Es-Moli-hotel_logo_granate-1024x497.png 1024w, https:\/\/welcome.esmoli.com\/wp-content\/uploads\/2026\/03\/Es-Moli-hotel_logo_granate-768x372.png 768w, https:\/\/welcome.esmoli.com\/wp-content\/uploads\/2026\/03\/Es-Moli-hotel_logo_granate.png 1064w\" sizes=\"(max-width: 300px) 100vw, 300px\" \/>\t\t\t\t\t\t\t\t\t\t\t\t\t<\/div>\n\t\t\t\t<\/div>\n\t\t\t\t<div class=\"elementor-element elementor-element-daec6f5 elementor-widget elementor-widget-heading\" data-id=\"daec6f5\" data-element_type=\"widget\" data-widget_type=\"heading.default\">\n\t\t\t\t<div class=\"elementor-widget-container\">\n\t\t\t<h2 class=\"elementor-heading-title elementor-size-default\">SERVICE \u00d6FFNUNGSZEITEN<\/h2>\t\t<\/div>\n\t\t\t\t<\/div>\n\t\t\t\t\t<\/div>\n\t\t<\/div>\n\t\t\t\t\t<\/div>\n\t\t<\/section>\n\t\t\t\t<section class=\"elementor-section elementor-top-section elementor-element elementor-element-9592964 elementor-section-boxed elementor-section-height-default elementor-section-height-default\" data-id=\"9592964\" data-element_type=\"section\">\n\t\t\t\t\t\t<div class=\"elementor-container elementor-column-gap-default\">\n\t\t\t\t\t<div class=\"elementor-column elementor-col-100 elementor-top-column elementor-element elementor-element-d721dce\" data-id=\"d721dce\" data-element_type=\"column\">\n\t\t\t<div class=\"elementor-widget-wrap\">\n\t\t\t\t\t\t\t<\/div>\n\t\t<\/div>\n\t\t\t\t\t<\/div>\n\t\t<\/section>\n\t\t\t\t<section class=\"elementor-section elementor-top-section elementor-element elementor-element-30a4507 elementor-section-boxed elementor-section-height-default elementor-section-height-default\" data-id=\"30a4507\" data-element_type=\"section\">\n\t\t\t\t\t\t<div class=\"elementor-container elementor-column-gap-default\">\n\t\t\t\t\t<div class=\"elementor-column elementor-col-100 elementor-top-column elementor-element elementor-element-b2e4d83\" data-id=\"b2e4d83\" data-element_type=\"column\">\n\t\t\t<div class=\"elementor-widget-wrap elementor-element-populated\">\n\t\t\t\t\t\t<div class=\"elementor-element elementor-element-a187e0f elementor-widget elementor-widget-text-editor\" data-id=\"a187e0f\" data-element_type=\"widget\" data-widget_type=\"text-editor.default\">\n\t\t\t\t<div class=\"elementor-widget-container\">\n\t\t\t\t\t\t\t<p><strong>\u00a0<\/strong><\/p><p><strong>CHECK-IN &amp; CHECK-OUT\u00a0<\/strong><\/p><ul><li><span style=\"font-size: 16px;\">Check-in ab 15.00 Uhr<\/span><\/li><li><p>Check-out bis 12.00 Uhr<\/p><\/li><\/ul>\t\t\t\t\t\t<\/div>\n\t\t\t\t<\/div>\n\t\t\t\t<div class=\"elementor-element elementor-element-98bc354 elementor-widget elementor-widget-text-editor\" data-id=\"98bc354\" data-element_type=\"widget\" data-widget_type=\"text-editor.default\">\n\t\t\t\t<div class=\"elementor-widget-container\">\n\t\t\t\t\t\t\t<p><strong>MULETA<\/strong><\/p>\t\t\t\t\t\t<\/div>\n\t\t\t\t<\/div>\n\t\t\t\t<div class=\"elementor-element elementor-element-a9b61f6 elementor-widget elementor-widget-alert\" data-id=\"a9b61f6\" data-element_type=\"widget\" data-widget_type=\"alert.default\">\n\t\t\t\t<div class=\"elementor-widget-container\">\n\t\t\t\t\t<div class=\"elementor-alert elementor-alert-info\" role=\"alert\">\n\t\t\t<span class=\"elementor-alert-title\">WICHTIGE INFORMATION:<\/span>\n\t\t\t\t\t\t\t<span class=\"elementor-alert-description\"><br>\n\n<strong>Muleta ist ein Naturschutzgebiet mit begrenzter Kapazit\u00e4t.<\/strong> Um Ihren Zugang zur Muleta-Bucht zu gew\u00e4hrleisten, ist eine\u00a0<strong>vorherige Reservierung<\/strong>\u00a0erforderlich. Damit alle unsere G\u00e4ste die Gelegenheit erhalten, diesen besonderen Ort zu genie\u00dfen, k\u00f6nnen Sie vor Ihrer Anreise bis zu zwei Muleta-Tage reservieren, per E-Mail an <strong><href=\"mailto:recepcion@esmoli.com\">recepcion@esmoli.com<\/a><\/strong> (weitere Tage k\u00f6nnen direkt an der <strong>Rezeption <\/strong>reserviert werden, wenn Sie im Hotel sind; je nach Verf\u00fcgbarkeit).\n <br><br>\n<strong>Ein im Hotel gebuchtes Zimmer garantiert nicht den Muleta-Zugang. <\/strong>Wir empfehlen Ihnen daher, die Reservierung fr\u00fchzeitig vorzunehmen. <strong>Ohne vorherige Reservierung ist der Zugang nicht m\u00f6glich.<\/strong>\n<br><br>\nWir weisen darauf hin, dass <strong>Liegest\u00fchle<\/strong> gem\u00e4\u00df den geltenden Vorschriften <strong>nicht mit weniger als 15 m Abstand zum Meer aufgestellt werden d\u00fcrfen <\/strong>und dass die Anzahl der Liegest\u00fchle begrenzt ist, um die nat\u00fcrliche Umwelt zu sch\u00fctzen.\n<\/span>\n\t\t\t\t\t\t\t\t\t\t<button type=\"button\" class=\"elementor-alert-dismiss\">\n\t\t\t\t\t\t\t\t\t\t\t<span aria-hidden=\"true\">&times;<\/span>\n\t\t\t\t\t\t\t\t\t\t<span class=\"elementor-screen-only\">Hinweis ausblenden.<\/span>\n\t\t\t\t<\/button>\n\t\t\t\t\t<\/div>\n\t\t\t\t<\/div>\n\t\t\t\t<\/div>\n\t\t\t\t<div class=\"elementor-element elementor-element-312ce5b elementor-widget elementor-widget-text-editor\" data-id=\"312ce5b\" data-element_type=\"widget\" data-widget_type=\"text-editor.default\">\n\t\t\t\t<div class=\"elementor-widget-container\">\n\t\t\t\t\t\t\t<p>Busabfahrtszeiten:<\/p><ul><li>Hotel-Muleta 10.00-12.30-15.30 Uhr<\/li><li>Muleta-Hotel 12.00-15.00-18.00 Uhr<\/li><\/ul><p>Snack-Bar \u00d6ffnungszeiten:<\/p><ul><li>Getr\u00e4nke-Service: 10.00 Uhr bis 18.00 Uhr<\/li><li>Mittagessen: 13.00 Uhr bis 16.00 Uhr<\/li><\/ul><p>Transfer zur Muleta mit dem Hotelbus-Shuttle oder Ihrem eigenen Auto. Maximale Buskapazit\u00e4t 25 Personen. Sollte der Bus voll sein, m\u00fcssen Sie bitte auf den n\u00e4chsten Bus warten.<\/p><p>Zugang nur nach vorheriger Reservierung an der Hotelrezeption, unter Angabe des genutzten Transportmittels.<\/p><p>Liegen und Tische: werden nicht reserviert, nur der Zugang zur Bucht wird reserviert. Um die Liegen und Tische zu nutzen, wenden Sie sich bitte an unsere Muleta-Mitarbeiter.<\/p>\t\t\t\t\t\t<\/div>\n\t\t\t\t<\/div>\n\t\t\t\t<div class=\"elementor-element elementor-element-dad5eb8 elementor-widget elementor-widget-text-editor\" data-id=\"dad5eb8\" data-element_type=\"widget\" data-widget_type=\"text-editor.default\">\n\t\t\t\t<div class=\"elementor-widget-container\">\n\t\t\t\t\t\t\t<p><strong>FR\u00dcHST\u00dcCK<\/strong><\/p><p>Fr\u00fchst\u00fcckszeiten: 7.30 Uhr bis 10.30 Uhr<\/p><p>Bei schlechtem Wetter wird das Fr\u00fchst\u00fcck im Restaurant Es Jardi serviert.<\/p><p class=\"p1\"><span class=\"s1\">Das Fr\u00fchst\u00fcck wird nur im daf\u00fcr vorgesehenen Bereich serviert, ein Fr\u00fchst\u00fccksservice auf den Zimmern ist nicht verf\u00fcgbar.<\/span><\/p>\t\t\t\t\t\t<\/div>\n\t\t\t\t<\/div>\n\t\t\t\t<div class=\"elementor-element elementor-element-4144346 elementor-widget elementor-widget-text-editor\" data-id=\"4144346\" data-element_type=\"widget\" data-widget_type=\"text-editor.default\">\n\t\t\t\t<div class=\"elementor-widget-container\">\n\t\t\t\t\t\t\t<p><strong>POOL<\/strong><\/p><p>\u00d6ffnungszeiten The Pool Deck:<\/p><ul><li>Getr\u00e4nke-Service: 10.00 Uhr bis 19.00 Uhr<\/li><li>Mittagessen: 13.00 Uhr bis 16.00 Uhr<\/li><\/ul><p>* Bei schlechtem Wetter erwarten wir Sie in der Salon Bar.<\/p>\t\t\t\t\t\t<\/div>\n\t\t\t\t<\/div>\n\t\t\t\t<div class=\"elementor-element elementor-element-76f0d90 elementor-widget elementor-widget-text-editor\" data-id=\"76f0d90\" data-element_type=\"widget\" data-widget_type=\"text-editor.default\">\n\t\t\t\t<div class=\"elementor-widget-container\">\n\t\t\t\t\t\t\t<p><strong>RESTAURANT ES JARDI <\/strong><\/p><p>\u00d6ffnungszeiten:<\/p><ul><li>Abendessen von 19.00 Uhr bis 22.00 Uhr<\/li><li>Das Restaurant schlie\u00dft um 23.00 Uhr<\/li><\/ul><p>Bitte reservieren Sie vorab einen Tisch.<\/p><p>Halbpension (Abendessen) wird in diesem Restaurant serviert.<\/p><p>Die Karte des Restaurant Es Jardi wird ausschlie\u00dflich im Restaurant Es Jardi serviert.<\/p>\t\t\t\t\t\t<\/div>\n\t\t\t\t<\/div>\n\t\t\t\t<div class=\"elementor-element elementor-element-4d88f45 elementor-widget elementor-widget-text-editor\" data-id=\"4d88f45\" data-element_type=\"widget\" data-widget_type=\"text-editor.default\">\n\t\t\t\t<div class=\"elementor-widget-container\">\n\t\t\t\t\t\t\t<p><strong>THE BAR<br \/><\/strong><\/p><p>\u00d6ffnungszeiten:<\/p><ul><li>Getr\u00e4nke-Service: 18.30 Uhr bis 24.00 Uhr<\/li><li>Snack-Bar-Karte von 11:00 bis 23:00 Uhr<\/li><\/ul>\t\t\t\t\t\t<\/div>\n\t\t\t\t<\/div>\n\t\t\t\t<div class=\"elementor-element elementor-element-d9a6405 elementor-widget elementor-widget-text-editor\" data-id=\"d9a6405\" data-element_type=\"widget\" data-widget_type=\"text-editor.default\">\n\t\t\t\t<div class=\"elementor-widget-container\">\n\t\t\t\t\t\t\t<p><strong>ROOM-SERVICE<\/strong><\/p><p>\u00d6ffnungszeiten:<\/p><ul><li>Speisen- und Getr\u00e4nke-Service von 11.00 Uhr bis 23.00 Uhr<\/li><li>Room-Service ist nur verf\u00fcgbar f\u00fcr unsere im Hauptgeb\u00e4ude untergebrachten G\u00e4ste.<\/li><\/ul>\t\t\t\t\t\t<\/div>\n\t\t\t\t<\/div>\n\t\t\t\t<div class=\"elementor-element elementor-element-594eb2e elementor-widget elementor-widget-text-editor\" data-id=\"594eb2e\" data-element_type=\"widget\" data-widget_type=\"text-editor.default\">\n\t\t\t\t<div class=\"elementor-widget-container\">\n\t\t\t\t\t\t\t<p><strong>MASSAGEN<\/strong><\/p><p class=\"p1\"><span class=\"s1\">Dieser Service wird auf Anfrage angeboten, weitere Informationen erhalten Sie an der Rezeption.<\/span><\/p>\t\t\t\t\t\t<\/div>\n\t\t\t\t<\/div>\n\t\t\t\t\t<\/div>\n\t\t<\/div>\n\t\t\t\t\t<\/div>\n\t\t<\/section>\n\t\t\t\t<\/div>\n\t\t","protected":false},"excerpt":{"rendered":"<p>Zur\u00fcck SERVICE \u00d6FFNUNGSZEITEN \u00a0 CHECK-IN &amp; CHECK-OUT\u00a0 Check-in ab 15.00 Uhr Check-out bis 12.00 Uhr MULETA WICHTIGE INFORMATION: Muleta ist ein Naturschutzgebiet mit begrenzter Kapazit\u00e4t. Um Ihren Zugang zur Muleta-Bucht &hellip;<\/p>\n<p class=\"read-more\"> <a class=\"\" href=\"https:\/\/welcome.esmoli.com\/de\/service-offnungszeiten\/\"> <span class=\"screen-reader-text\">Horarios Servicios<\/span> Weiterlesen &raquo;<\/a><\/p>\n","protected":false},"author":3,"featured_media":0,"parent":0,"menu_order":0,"comment_status":"closed","ping_status":"closed","template":"elementor_header_footer","meta":{"site-sidebar-layout":"no-sidebar","site-content-layout":"page-builder","ast-site-content-layout":"","site-content-style":"default","site-sidebar-style":"default","ast-global-header-display":"","ast-banner-title-visibility":"","ast-main-header-display":"","ast-hfb-above-header-display":"","ast-hfb-below-header-display":"","ast-hfb-mobile-header-display":"","site-post-title":"disabled","ast-breadcrumbs-content":"","ast-featured-img":"disabled","footer-sml-layout":"","theme-transparent-header-meta":"default","adv-header-id-meta":"","stick-header-meta":"","header-above-stick-meta":"","header-main-stick-meta":"","header-below-stick-meta":"","astra-migrate-meta-layouts":"default","ast-page-background-enabled":"default","ast-page-background-meta":{"desktop":{"background-color":"","background-image":"","background-repeat":"repeat","background-position":"center center","background-size":"auto","background-attachment":"scroll","background-type":"","background-media":"","overlay-type":"","overlay-color":"","overlay-gradient":""},"tablet":{"background-color":"","background-image":"","background-repeat":"repeat","background-position":"center center","background-size":"auto","background-attachment":"scroll","background-type":"","background-media":"","overlay-type":"","overlay-color":"","overlay-gradient":""},"mobile":{"background-color":"","background-image":"","background-repeat":"repeat","background-position":"center center","background-size":"auto","background-attachment":"scroll","background-type":"","background-media":"","overlay-type":"","overlay-color":"","overlay-gradient":""}},"ast-content-background-meta":{"desktop":{"background-color":"var(--ast-global-color-5)","background-image":"","background-repeat":"repeat","background-position":"center center","background-size":"auto","background-attachment":"scroll","background-type":"","background-media":"","overlay-type":"","overlay-color":"","overlay-gradient":""},"tablet":{"background-color":"var(--ast-global-color-5)","background-image":"","background-repeat":"repeat","background-position":"center center","background-size":"auto","background-attachment":"scroll","background-type":"","background-media":"","overlay-type":"","overlay-color":"","overlay-gradient":""},"mobile":{"background-color":"var(--ast-global-color-5)","background-image":"","background-repeat":"repeat","background-position":"center center","background-size":"auto","background-attachment":"scroll","background-type":"","background-media":"","overlay-type":"","overlay-color":"","overlay-gradient":""}},"footnotes":""},"class_list":["post-4850","page","type-page","status-publish","hentry"],"_links":{"self":[{"href":"https:\/\/welcome.esmoli.com\/de\/wp-json\/wp\/v2\/pages\/4850","targetHints":{"allow":["GET"]}}],"collection":[{"href":"https:\/\/welcome.esmoli.com\/de\/wp-json\/wp\/v2\/pages"}],"about":[{"href":"https:\/\/welcome.esmoli.com\/de\/wp-json\/wp\/v2\/types\/page"}],"author":[{"embeddable":true,"href":"https:\/\/welcome.esmoli.com\/de\/wp-json\/wp\/v2\/users\/3"}],"replies":[{"embeddable":true,"href":"https:\/\/welcome.esmoli.com\/de\/wp-json\/wp\/v2\/comments?post=4850"}],"version-history":[{"count":46,"href":"https:\/\/welcome.esmoli.com\/de\/wp-json\/wp\/v2\/pages\/4850\/revisions"}],"predecessor-version":[{"id":10674,"href":"https:\/\/welcome.esmoli.com\/de\/wp-json\/wp\/v2\/pages\/4850\/revisions\/10674"}],"wp:attachment":[{"href":"https:\/\/welcome.esmoli.com\/de\/wp-json\/wp\/v2\/media?parent=4850"}],"curies":[{"name":"wp","href":"https:\/\/api.w.org\/{rel}","templated":true}]}}