{"id":8774,"date":"2025-01-21T12:18:54","date_gmt":"2025-01-21T11:18:54","guid":{"rendered":"https:\/\/welcome.esmoli.com\/acceso-al-mar-muleta\/"},"modified":"2026-04-22T17:10:20","modified_gmt":"2026-04-22T15:10:20","slug":"acceso-al-mar-muleta","status":"publish","type":"page","link":"https:\/\/welcome.esmoli.com\/de\/acceso-al-mar-muleta\/","title":{"rendered":"Info Muleta"},"content":{"rendered":"\t\t<div data-elementor-type=\"wp-page\" data-elementor-id=\"8774\" class=\"elementor elementor-8774 elementor-8753\">\n\t\t\t\t\t\t<section class=\"elementor-section elementor-top-section elementor-element elementor-element-2972435 elementor-section-boxed elementor-section-height-default elementor-section-height-default\" data-id=\"2972435\" data-element_type=\"section\" id=\"barraSuperior\" data-settings=\"{&quot;background_background&quot;:&quot;classic&quot;}\">\n\t\t\t\t\t\t<div class=\"elementor-container elementor-column-gap-default\">\n\t\t\t\t\t<div class=\"elementor-column elementor-col-100 elementor-top-column elementor-element elementor-element-404060b\" data-id=\"404060b\" data-element_type=\"column\">\n\t\t\t<div class=\"elementor-widget-wrap elementor-element-populated\">\n\t\t\t\t\t\t<div class=\"elementor-element elementor-element-1f7a304 elementor-align-left elementor-widget__width-auto elementor-widget elementor-widget-button\" data-id=\"1f7a304\" data-element_type=\"widget\" data-widget_type=\"button.default\">\n\t\t\t\t<div class=\"elementor-widget-container\">\n\t\t\t\t\t<div class=\"elementor-button-wrapper\">\n\t\t\t<a class=\"elementor-button elementor-button-link elementor-size-sm\" href=\"https:\/\/welcome.esmoli.com\/\">\n\t\t\t\t\t\t<span class=\"elementor-button-content-wrapper\">\n\t\t\t\t\t\t<span class=\"elementor-button-icon elementor-align-icon-left\">\n\t\t\t\t<i aria-hidden=\"true\" class=\"far fa-arrow-alt-circle-left\"><\/i>\t\t\t<\/span>\n\t\t\t\t\t\t<span class=\"elementor-button-text\">Volver<\/span>\n\t\t<\/span>\n\t\t\t\t\t<\/a>\n\t\t<\/div>\n\t\t\t\t<\/div>\n\t\t\t\t<\/div>\n\t\t\t\t<div class=\"elementor-element elementor-element-fb6a456 elementor-widget__width-auto elementor-widget elementor-widget-wpml-language-switcher\" data-id=\"fb6a456\" data-element_type=\"widget\" data-widget_type=\"wpml-language-switcher.default\">\n\t\t\t\t<div class=\"elementor-widget-container\">\n\t\t\t<div class=\"wpml-elementor-ls\">\n<div class=\"wpml-ls-statics-shortcode_actions wpml-ls wpml-ls-legacy-list-horizontal\">\n\t<ul><li class=\"wpml-ls-slot-shortcode_actions wpml-ls-item wpml-ls-item-es wpml-ls-first-item wpml-ls-item-legacy-list-horizontal\">\n\t\t\t\t<a href=\"http:\/\/welcome.esmoli.com\" class=\"wpml-ls-link\">\n                                                        <img decoding=\"async\"\n            class=\"wpml-ls-flag\"\n            src=\"https:\/\/welcome.esmoli.com\/wp-content\/plugins\/sitepress-multilingual-cms\/res\/flags\/es.png\"\n            alt=\"Spanisch\"\n            width=18\n            height=12\n    \/><\/a>\n\t\t\t<\/li><li class=\"wpml-ls-slot-shortcode_actions wpml-ls-item wpml-ls-item-en wpml-ls-item-legacy-list-horizontal\">\n\t\t\t\t<a href=\"http:\/\/welcome.esmoli.com\/en\/\" class=\"wpml-ls-link\">\n                                                        <img decoding=\"async\"\n            class=\"wpml-ls-flag\"\n            src=\"https:\/\/welcome.esmoli.com\/wp-content\/plugins\/sitepress-multilingual-cms\/res\/flags\/en.png\"\n            alt=\"Englisch\"\n            width=18\n            height=12\n    \/><\/a>\n\t\t\t<\/li><li class=\"wpml-ls-slot-shortcode_actions wpml-ls-item wpml-ls-item-de wpml-ls-current-language wpml-ls-item-legacy-list-horizontal\">\n\t\t\t\t<a href=\"http:\/\/welcome.esmoli.com\/de\/\" class=\"wpml-ls-link\">\n                                                        <img decoding=\"async\"\n            class=\"wpml-ls-flag\"\n            src=\"https:\/\/welcome.esmoli.com\/wp-content\/plugins\/sitepress-multilingual-cms\/res\/flags\/de.png\"\n            alt=\"Deutsch\"\n            width=18\n            height=12\n    \/><\/a>\n\t\t\t<\/li><li class=\"wpml-ls-slot-shortcode_actions wpml-ls-item wpml-ls-item-fr wpml-ls-last-item wpml-ls-item-legacy-list-horizontal\">\n\t\t\t\t<a href=\"http:\/\/welcome.esmoli.com\/fr\/\" class=\"wpml-ls-link\">\n                                                        <img decoding=\"async\"\n            class=\"wpml-ls-flag\"\n            src=\"https:\/\/welcome.esmoli.com\/wp-content\/plugins\/sitepress-multilingual-cms\/res\/flags\/fr.png\"\n            alt=\"Franz\u00f6sisch\"\n            width=18\n            height=12\n    \/><\/a>\n\t\t\t<\/li><\/ul>\n<\/div>\n<\/div>\t\t<\/div>\n\t\t\t\t<\/div>\n\t\t\t\t\t<\/div>\n\t\t<\/div>\n\t\t\t\t\t<\/div>\n\t\t<\/section>\n\t\t\t\t<section class=\"elementor-section elementor-top-section elementor-element elementor-element-ff9cfdd elementor-section-boxed elementor-section-height-default elementor-section-height-default\" data-id=\"ff9cfdd\" data-element_type=\"section\">\n\t\t\t\t\t\t<div class=\"elementor-container elementor-column-gap-default\">\n\t\t\t\t\t<div class=\"elementor-column elementor-col-100 elementor-top-column elementor-element elementor-element-4bf28ce\" data-id=\"4bf28ce\" data-element_type=\"column\">\n\t\t\t<div class=\"elementor-widget-wrap elementor-element-populated\">\n\t\t\t\t\t\t<div class=\"elementor-element elementor-element-6960cc4 elementor-widget elementor-widget-image\" data-id=\"6960cc4\" data-element_type=\"widget\" data-widget_type=\"image.default\">\n\t\t\t\t<div class=\"elementor-widget-container\">\n\t\t\t\t\t\t\t\t\t\t\t\t\t<img decoding=\"async\" width=\"300\" height=\"145\" src=\"https:\/\/welcome.esmoli.com\/wp-content\/uploads\/2026\/03\/Es-Moli-hotel_logo_granate-300x145.png\" class=\"attachment-medium size-medium wp-image-10222\" alt=\"\" srcset=\"https:\/\/welcome.esmoli.com\/wp-content\/uploads\/2026\/03\/Es-Moli-hotel_logo_granate-300x145.png 300w, https:\/\/welcome.esmoli.com\/wp-content\/uploads\/2026\/03\/Es-Moli-hotel_logo_granate-1024x497.png 1024w, https:\/\/welcome.esmoli.com\/wp-content\/uploads\/2026\/03\/Es-Moli-hotel_logo_granate-768x372.png 768w, https:\/\/welcome.esmoli.com\/wp-content\/uploads\/2026\/03\/Es-Moli-hotel_logo_granate.png 1064w\" sizes=\"(max-width: 300px) 100vw, 300px\" \/>\t\t\t\t\t\t\t\t\t\t\t\t\t<\/div>\n\t\t\t\t<\/div>\n\t\t\t\t\t<\/div>\n\t\t<\/div>\n\t\t\t\t\t<\/div>\n\t\t<\/section>\n\t\t\t\t<section class=\"elementor-section elementor-top-section elementor-element elementor-element-be5a33e elementor-section-boxed elementor-section-height-default elementor-section-height-default\" data-id=\"be5a33e\" data-element_type=\"section\">\n\t\t\t\t\t\t<div class=\"elementor-container elementor-column-gap-default\">\n\t\t\t\t\t<div class=\"elementor-column elementor-col-100 elementor-top-column elementor-element elementor-element-ccdaaa9\" data-id=\"ccdaaa9\" data-element_type=\"column\">\n\t\t\t<div class=\"elementor-widget-wrap elementor-element-populated\">\n\t\t\t\t\t\t<div class=\"elementor-element elementor-element-daec6f5 elementor-widget elementor-widget-heading\" data-id=\"daec6f5\" data-element_type=\"widget\" data-widget_type=\"heading.default\">\n\t\t\t\t<div class=\"elementor-widget-container\">\n\t\t\t<h2 class=\"elementor-heading-title elementor-size-default\">Badebucht \u201eMuleta\u201c - Hotel Es Moli<\/h2>\t\t<\/div>\n\t\t\t\t<\/div>\n\t\t\t\t\t<\/div>\n\t\t<\/div>\n\t\t\t\t\t<\/div>\n\t\t<\/section>\n\t\t\t\t<section class=\"elementor-section elementor-top-section elementor-element elementor-element-a323d47 elementor-section-boxed elementor-section-height-default elementor-section-height-default\" data-id=\"a323d47\" data-element_type=\"section\">\n\t\t\t\t\t\t<div class=\"elementor-container elementor-column-gap-default\">\n\t\t\t\t\t<div class=\"elementor-column elementor-col-100 elementor-top-column elementor-element elementor-element-93ace8e\" data-id=\"93ace8e\" data-element_type=\"column\">\n\t\t\t<div class=\"elementor-widget-wrap\">\n\t\t\t\t\t\t\t<\/div>\n\t\t<\/div>\n\t\t\t\t\t<\/div>\n\t\t<\/section>\n\t\t\t\t<section class=\"elementor-section elementor-top-section elementor-element elementor-element-30a4507 elementor-section-boxed elementor-section-height-default elementor-section-height-default\" data-id=\"30a4507\" data-element_type=\"section\">\n\t\t\t\t\t\t<div class=\"elementor-container elementor-column-gap-default\">\n\t\t\t\t\t<div class=\"elementor-column elementor-col-100 elementor-top-column elementor-element elementor-element-b2e4d83\" data-id=\"b2e4d83\" data-element_type=\"column\">\n\t\t\t<div class=\"elementor-widget-wrap elementor-element-populated\">\n\t\t\t\t\t\t<div class=\"elementor-element elementor-element-86fabc4 elementor-widget elementor-widget-image\" data-id=\"86fabc4\" data-element_type=\"widget\" data-widget_type=\"image.default\">\n\t\t\t\t<div class=\"elementor-widget-container\">\n\t\t\t\t\t\t\t\t\t\t\t\t\t<img fetchpriority=\"high\" decoding=\"async\" width=\"768\" height=\"576\" src=\"https:\/\/welcome.esmoli.com\/wp-content\/uploads\/2025\/01\/4073-copia-768x576.jpg\" class=\"attachment-medium_large size-medium_large wp-image-8758\" alt=\"\" srcset=\"https:\/\/welcome.esmoli.com\/wp-content\/uploads\/2025\/01\/4073-copia-768x576.jpg 768w, https:\/\/welcome.esmoli.com\/wp-content\/uploads\/2025\/01\/4073-copia-300x225.jpg 300w, https:\/\/welcome.esmoli.com\/wp-content\/uploads\/2025\/01\/4073-copia-1024x768.jpg 1024w, https:\/\/welcome.esmoli.com\/wp-content\/uploads\/2025\/01\/4073-copia.jpg 1200w\" sizes=\"(max-width: 768px) 100vw, 768px\" \/>\t\t\t\t\t\t\t\t\t\t\t\t\t<\/div>\n\t\t\t\t<\/div>\n\t\t\t\t<div class=\"elementor-element elementor-element-a187e0f elementor-widget elementor-widget-text-editor\" data-id=\"a187e0f\" data-element_type=\"widget\" data-widget_type=\"text-editor.default\">\n\t\t\t\t<div class=\"elementor-widget-container\">\n\t\t\t\t\t\t\t<p>Das Hotel Es Moli in Deia, Mallorca, bietet seinen G\u00e4sten die M\u00f6glichkeit, <strong>Muleta<\/strong> zu genie\u00dfen, ein Ort von unvergleichlicher Sch\u00f6nheit mit direktem Zugang zum Mittelmeer. Muleta ist ein <strong>Naturschutzgebiet<\/strong>. Daher bitten wir Sie, zum Erhalt der Umwelt beizutragen und die geltenden Vorschriften einzuhalten.<\/p>\t\t\t\t\t\t<\/div>\n\t\t\t\t<\/div>\n\t\t\t\t<div class=\"elementor-element elementor-element-b022868 elementor-widget elementor-widget-alert\" data-id=\"b022868\" data-element_type=\"widget\" data-widget_type=\"alert.default\">\n\t\t\t\t<div class=\"elementor-widget-container\">\n\t\t\t\t\t<div class=\"elementor-alert elementor-alert-info\" role=\"alert\">\n\t\t\t<span class=\"elementor-alert-title\">WICHTIGE INFORMATIONEN: <\/span>\n\t\t\t\t\t\t\t<span class=\"elementor-alert-description\">\n<br>\n<strong>Muleta ist ein Naturschutzgebiet mit begrenzter Kapazit\u00e4t.<\/strong> Um Ihren Zugang zur Muleta-Bucht zu gew\u00e4hrleisten, ist eine\u00a0<strong>vorherige Reservierung<\/strong>\u00a0erforderlich. Damit alle unsere G\u00e4ste die Gelegenheit erhalten, diesen besonderen Ort zu genie\u00dfen, k\u00f6nnen Sie vor Ihrer Anreise bis zu zwei Muleta-Tage reservieren, per E-Mail an <strong><href=\"mailto:recepcion@esmoli.com\">recepcion@esmoli.com<\/a><\/strong> (weitere Tage k\u00f6nnen direkt an der <strong>Rezeption <\/strong>reserviert werden, wenn Sie im Hotel sind; je nach Verf\u00fcgbarkeit). \n<br><br>\nBitte bedenken Sie, dass <strong>ein im Hotel gebuchtes Zimmer nicht den Zugang zu Muleta garantiert<\/strong>. Daher empfehlen wir Ihnen, die Reservierung fr\u00fchzeitig vorzunehmen. Ohne vorherige Reservierung ist der Zugang nicht m\u00f6glich.\n<br><br>\nWir weisen darauf hin, dass Liegest\u00fchle gem\u00e4\u00df den geltenden Vorschriften zum Schutz der Umwelt nicht mit weniger als 15 m Abstand zum Meer aufgestellt werden d\u00fcrfen und dass ihre Anzahl begrenzt ist.\n\n\n<\/span>\n\t\t\t\t\t\t\t\t\t\t<button type=\"button\" class=\"elementor-alert-dismiss\">\n\t\t\t\t\t\t\t\t\t\t\t<span aria-hidden=\"true\">&times;<\/span>\n\t\t\t\t\t\t\t\t\t\t<span class=\"elementor-screen-only\">Hinweis ausblenden.<\/span>\n\t\t\t\t<\/button>\n\t\t\t\t\t<\/div>\n\t\t\t\t<\/div>\n\t\t\t\t<\/div>\n\t\t\t\t<div class=\"elementor-element elementor-element-4540c4d elementor-widget elementor-widget-text-editor\" data-id=\"4540c4d\" data-element_type=\"widget\" data-widget_type=\"text-editor.default\">\n\t\t\t\t<div class=\"elementor-widget-container\">\n\t\t\t\t\t\t\t<p><strong>SERVICELEISTUNGEN IN MULETA<\/strong><\/p><p>Entspannen Sie sich im kristallklaren Wasser des Mittelmeers und genie\u00dfen Sie eine Erfrischung oder ein leckeres Mittagessen in unserer Snack-Bar.<\/p><p><strong>\u00d6ffnungszeiten der Snack-Bar<\/strong>:<\/p><ul><li>Getr\u00e4nkeservice: 10.00-18.00 Uhr<\/li><li>Speisenservice: 13.00-16.00 Uhr<\/li><\/ul><p>In Muleta stehen <strong>Umkleiden und Duschen <\/strong>f\u00fcr Ihren Komfort zur Verf\u00fcgung.<\/p><p><strong>Liegest\u00fchle und Tische <\/strong>werden nicht reserviert; um diese zu nutzen, wenden Sie sich bitte direkt an unsere Muleta-Mitarbeiter.<\/p>\t\t\t\t\t\t<\/div>\n\t\t\t\t<\/div>\n\t\t\t\t<div class=\"elementor-element elementor-element-dad5eb8 elementor-widget elementor-widget-text-editor\" data-id=\"dad5eb8\" data-element_type=\"widget\" data-widget_type=\"text-editor.default\">\n\t\t\t\t<div class=\"elementor-widget-container\">\n\t\t\t\t\t\t\t<p><strong>TRANSFER NACH MULETA<\/strong><\/p><p>Muleta liegt 9 km vom Hotel entfernt. Wir bieten einen kostenlosen Bus-Shuttle an (Dauer 20-25 Minuten). Sie k\u00f6nnen auch mit dem eigenen Auto dorthin fahren. Bitte erfragen Sie die <strong>Fahrzeiten unseres Shuttle-Busses<\/strong> an der Rezeption:<\/p><ul><li>Hotel-Muleta 10:00-12:30-15:30 Uhr<\/li><li>Muleta-Hotel 12:00-15:00-18:00 Uhr<\/li><\/ul><p>Der Bus hat eine maximale Kapazit\u00e4t von 25 Personen. Falls er voll besetzt ist, warten Sie bitte auf die n\u00e4chste Fahrt.<\/p>\t\t\t\t\t\t<\/div>\n\t\t\t\t<\/div>\n\t\t\t\t<div class=\"elementor-element elementor-element-4144346 elementor-widget elementor-widget-text-editor\" data-id=\"4144346\" data-element_type=\"widget\" data-widget_type=\"text-editor.default\">\n\t\t\t\t<div class=\"elementor-widget-container\">\n\t\t\t\t\t\t\t<p><strong>ZUGANG UND RESERVIERUNGEN<\/strong><\/p><p>Der Zugang zu Muleta <strong>ist nur nach vorheriger Reservierung m\u00f6glich.<\/strong> Diese kann an der Rezeption des Hotels erfolgen oder per E-Mail an <a href=\"mailto:recepcion@esmoli.com\">recepcion@esmoli.com<\/a>. Bei der Reservierung geben Sie bitte an, ob Sie den Shuttle-Bus des Hotels oder Ihr eigenes Auto f\u00fcr den Transfer nutzen werden. Beachten Sie bitte, dass die Reservierung nur den Zugang zur Badebucht garantiert; <strong>Liegest\u00fchle und Tische werden nicht reserviert<\/strong>. Um diese zu nutzen, wenden Sie sich bitte an unser Muleta-Team, wenn Sie vor Ort sind.<\/p><p>Vielen Dank f\u00fcr Ihren Beitrag zum Schutz dieses wundersch\u00f6nen Naturgebiets. Zusammen k\u00f6nnen wir es schaffen, dass Muleta f\u00fcr zuk\u00fcnftige Generationen erhalten bleibt.<\/p>\t\t\t\t\t\t<\/div>\n\t\t\t\t<\/div>\n\t\t\t\t\t<\/div>\n\t\t<\/div>\n\t\t\t\t\t<\/div>\n\t\t<\/section>\n\t\t\t\t<\/div>\n\t\t","protected":false},"excerpt":{"rendered":"<p>Volver Badebucht \u201eMuleta\u201c &#8211; Hotel Es Moli Das Hotel Es Moli in Deia, Mallorca, bietet seinen G\u00e4sten die M\u00f6glichkeit, Muleta zu genie\u00dfen, ein Ort von unvergleichlicher Sch\u00f6nheit mit direktem Zugang &hellip;<\/p>\n<p class=\"read-more\"> <a class=\"\" href=\"https:\/\/welcome.esmoli.com\/de\/acceso-al-mar-muleta\/\"> <span class=\"screen-reader-text\">Info Muleta<\/span> Weiterlesen &raquo;<\/a><\/p>\n","protected":false},"author":3,"featured_media":0,"parent":0,"menu_order":0,"comment_status":"closed","ping_status":"closed","template":"elementor_header_footer","meta":{"site-sidebar-layout":"no-sidebar","site-content-layout":"page-builder","ast-site-content-layout":"full-width-container","site-content-style":"unboxed","site-sidebar-style":"unboxed","ast-global-header-display":"","ast-banner-title-visibility":"","ast-main-header-display":"","ast-hfb-above-header-display":"","ast-hfb-below-header-display":"","ast-hfb-mobile-header-display":"","site-post-title":"disabled","ast-breadcrumbs-content":"","ast-featured-img":"disabled","footer-sml-layout":"","theme-transparent-header-meta":"default","adv-header-id-meta":"","stick-header-meta":"","header-above-stick-meta":"","header-main-stick-meta":"","header-below-stick-meta":"","astra-migrate-meta-layouts":"set","ast-page-background-enabled":"default","ast-page-background-meta":{"desktop":{"background-color":"","background-image":"","background-repeat":"repeat","background-position":"center center","background-size":"auto","background-attachment":"scroll","background-type":"","background-media":"","overlay-type":"","overlay-color":"","overlay-gradient":""},"tablet":{"background-color":"","background-image":"","background-repeat":"repeat","background-position":"center center","background-size":"auto","background-attachment":"scroll","background-type":"","background-media":"","overlay-type":"","overlay-color":"","overlay-gradient":""},"mobile":{"background-color":"","background-image":"","background-repeat":"repeat","background-position":"center center","background-size":"auto","background-attachment":"scroll","background-type":"","background-media":"","overlay-type":"","overlay-color":"","overlay-gradient":""}},"ast-content-background-meta":{"desktop":{"background-color":"var(--ast-global-color-5)","background-image":"","background-repeat":"repeat","background-position":"center center","background-size":"auto","background-attachment":"scroll","background-type":"","background-media":"","overlay-type":"","overlay-color":"","overlay-gradient":""},"tablet":{"background-color":"var(--ast-global-color-5)","background-image":"","background-repeat":"repeat","background-position":"center center","background-size":"auto","background-attachment":"scroll","background-type":"","background-media":"","overlay-type":"","overlay-color":"","overlay-gradient":""},"mobile":{"background-color":"var(--ast-global-color-5)","background-image":"","background-repeat":"repeat","background-position":"center center","background-size":"auto","background-attachment":"scroll","background-type":"","background-media":"","overlay-type":"","overlay-color":"","overlay-gradient":""}},"footnotes":""},"class_list":["post-8774","page","type-page","status-publish","hentry"],"_links":{"self":[{"href":"https:\/\/welcome.esmoli.com\/de\/wp-json\/wp\/v2\/pages\/8774","targetHints":{"allow":["GET"]}}],"collection":[{"href":"https:\/\/welcome.esmoli.com\/de\/wp-json\/wp\/v2\/pages"}],"about":[{"href":"https:\/\/welcome.esmoli.com\/de\/wp-json\/wp\/v2\/types\/page"}],"author":[{"embeddable":true,"href":"https:\/\/welcome.esmoli.com\/de\/wp-json\/wp\/v2\/users\/3"}],"replies":[{"embeddable":true,"href":"https:\/\/welcome.esmoli.com\/de\/wp-json\/wp\/v2\/comments?post=8774"}],"version-history":[{"count":20,"href":"https:\/\/welcome.esmoli.com\/de\/wp-json\/wp\/v2\/pages\/8774\/revisions"}],"predecessor-version":[{"id":10683,"href":"https:\/\/welcome.esmoli.com\/de\/wp-json\/wp\/v2\/pages\/8774\/revisions\/10683"}],"wp:attachment":[{"href":"https:\/\/welcome.esmoli.com\/de\/wp-json\/wp\/v2\/media?parent=8774"}],"curies":[{"name":"wp","href":"https:\/\/api.w.org\/{rel}","templated":true}]}}