{"id":8773,"date":"2025-01-21T12:18:54","date_gmt":"2025-01-21T11:18:54","guid":{"rendered":"https:\/\/welcome.esmoli.com\/acceso-al-mar-muleta\/"},"modified":"2026-04-22T17:14:42","modified_gmt":"2026-04-22T15:14:42","slug":"acceso-al-mar-muleta","status":"publish","type":"page","link":"https:\/\/welcome.esmoli.com\/fr\/acceso-al-mar-muleta\/","title":{"rendered":"Info Muleta"},"content":{"rendered":"\t\t<div data-elementor-type=\"wp-page\" data-elementor-id=\"8773\" class=\"elementor elementor-8773 elementor-8753\">\n\t\t\t\t\t\t<section class=\"elementor-section elementor-top-section elementor-element elementor-element-2972435 elementor-section-boxed elementor-section-height-default elementor-section-height-default\" data-id=\"2972435\" data-element_type=\"section\" id=\"barraSuperior\" data-settings=\"{&quot;background_background&quot;:&quot;classic&quot;}\">\n\t\t\t\t\t\t<div class=\"elementor-container elementor-column-gap-default\">\n\t\t\t\t\t<div class=\"elementor-column elementor-col-100 elementor-top-column elementor-element elementor-element-404060b\" data-id=\"404060b\" data-element_type=\"column\">\n\t\t\t<div class=\"elementor-widget-wrap elementor-element-populated\">\n\t\t\t\t\t\t<div class=\"elementor-element elementor-element-1f7a304 elementor-align-left elementor-widget__width-auto elementor-widget elementor-widget-button\" data-id=\"1f7a304\" data-element_type=\"widget\" data-widget_type=\"button.default\">\n\t\t\t\t<div class=\"elementor-widget-container\">\n\t\t\t\t\t<div class=\"elementor-button-wrapper\">\n\t\t\t<a class=\"elementor-button elementor-button-link elementor-size-sm\" href=\"https:\/\/welcome.esmoli.com\/fr\">\n\t\t\t\t\t\t<span class=\"elementor-button-content-wrapper\">\n\t\t\t\t\t\t<span class=\"elementor-button-icon elementor-align-icon-left\">\n\t\t\t\t<i aria-hidden=\"true\" class=\"far fa-arrow-alt-circle-left\"><\/i>\t\t\t<\/span>\n\t\t\t\t\t\t<span class=\"elementor-button-text\">Retourner<\/span>\n\t\t<\/span>\n\t\t\t\t\t<\/a>\n\t\t<\/div>\n\t\t\t\t<\/div>\n\t\t\t\t<\/div>\n\t\t\t\t<div class=\"elementor-element elementor-element-fb6a456 elementor-widget__width-auto elementor-widget elementor-widget-wpml-language-switcher\" data-id=\"fb6a456\" data-element_type=\"widget\" data-widget_type=\"wpml-language-switcher.default\">\n\t\t\t\t<div class=\"elementor-widget-container\">\n\t\t\t<div class=\"wpml-elementor-ls\">\n<div class=\"wpml-ls-statics-shortcode_actions wpml-ls wpml-ls-legacy-list-horizontal\">\n\t<ul><li class=\"wpml-ls-slot-shortcode_actions wpml-ls-item wpml-ls-item-es wpml-ls-first-item wpml-ls-item-legacy-list-horizontal\">\n\t\t\t\t<a href=\"http:\/\/welcome.esmoli.com\" class=\"wpml-ls-link\">\n                                                        <img decoding=\"async\"\n            class=\"wpml-ls-flag\"\n            src=\"https:\/\/welcome.esmoli.com\/wp-content\/plugins\/sitepress-multilingual-cms\/res\/flags\/es.png\"\n            alt=\"Espagnol\"\n            width=18\n            height=12\n    \/><\/a>\n\t\t\t<\/li><li class=\"wpml-ls-slot-shortcode_actions wpml-ls-item wpml-ls-item-en wpml-ls-item-legacy-list-horizontal\">\n\t\t\t\t<a href=\"http:\/\/welcome.esmoli.com\/en\/\" class=\"wpml-ls-link\">\n                                                        <img decoding=\"async\"\n            class=\"wpml-ls-flag\"\n            src=\"https:\/\/welcome.esmoli.com\/wp-content\/plugins\/sitepress-multilingual-cms\/res\/flags\/en.png\"\n            alt=\"Anglais\"\n            width=18\n            height=12\n    \/><\/a>\n\t\t\t<\/li><li class=\"wpml-ls-slot-shortcode_actions wpml-ls-item wpml-ls-item-de wpml-ls-item-legacy-list-horizontal\">\n\t\t\t\t<a href=\"http:\/\/welcome.esmoli.com\/de\/\" class=\"wpml-ls-link\">\n                                                        <img decoding=\"async\"\n            class=\"wpml-ls-flag\"\n            src=\"https:\/\/welcome.esmoli.com\/wp-content\/plugins\/sitepress-multilingual-cms\/res\/flags\/de.png\"\n            alt=\"Allemand\"\n            width=18\n            height=12\n    \/><\/a>\n\t\t\t<\/li><li class=\"wpml-ls-slot-shortcode_actions wpml-ls-item wpml-ls-item-fr wpml-ls-current-language wpml-ls-last-item wpml-ls-item-legacy-list-horizontal\">\n\t\t\t\t<a href=\"http:\/\/welcome.esmoli.com\/fr\/\" class=\"wpml-ls-link\">\n                                                        <img decoding=\"async\"\n            class=\"wpml-ls-flag\"\n            src=\"https:\/\/welcome.esmoli.com\/wp-content\/plugins\/sitepress-multilingual-cms\/res\/flags\/fr.png\"\n            alt=\"Fran\u00e7ais\"\n            width=18\n            height=12\n    \/><\/a>\n\t\t\t<\/li><\/ul>\n<\/div>\n<\/div>\t\t<\/div>\n\t\t\t\t<\/div>\n\t\t\t\t\t<\/div>\n\t\t<\/div>\n\t\t\t\t\t<\/div>\n\t\t<\/section>\n\t\t\t\t<section class=\"elementor-section elementor-top-section elementor-element elementor-element-ff9cfdd elementor-section-boxed elementor-section-height-default elementor-section-height-default\" data-id=\"ff9cfdd\" data-element_type=\"section\">\n\t\t\t\t\t\t<div class=\"elementor-container elementor-column-gap-default\">\n\t\t\t\t\t<div class=\"elementor-column elementor-col-100 elementor-top-column elementor-element elementor-element-4bf28ce\" data-id=\"4bf28ce\" data-element_type=\"column\">\n\t\t\t<div class=\"elementor-widget-wrap\">\n\t\t\t\t\t\t\t<\/div>\n\t\t<\/div>\n\t\t\t\t\t<\/div>\n\t\t<\/section>\n\t\t\t\t<section class=\"elementor-section elementor-top-section elementor-element elementor-element-be5a33e elementor-section-boxed elementor-section-height-default elementor-section-height-default\" data-id=\"be5a33e\" data-element_type=\"section\">\n\t\t\t\t\t\t<div class=\"elementor-container elementor-column-gap-default\">\n\t\t\t\t\t<div class=\"elementor-column elementor-col-100 elementor-top-column elementor-element elementor-element-ccdaaa9\" data-id=\"ccdaaa9\" data-element_type=\"column\">\n\t\t\t<div class=\"elementor-widget-wrap elementor-element-populated\">\n\t\t\t\t\t\t<div class=\"elementor-element elementor-element-6960cc4 elementor-widget elementor-widget-image\" data-id=\"6960cc4\" data-element_type=\"widget\" data-widget_type=\"image.default\">\n\t\t\t\t<div class=\"elementor-widget-container\">\n\t\t\t\t\t\t\t\t\t\t\t\t\t<img decoding=\"async\" width=\"300\" height=\"145\" src=\"https:\/\/welcome.esmoli.com\/wp-content\/uploads\/2026\/03\/Es-Moli-hotel_logo_granate-300x145.png\" class=\"attachment-medium size-medium wp-image-10221\" alt=\"\" srcset=\"https:\/\/welcome.esmoli.com\/wp-content\/uploads\/2026\/03\/Es-Moli-hotel_logo_granate-300x145.png 300w, https:\/\/welcome.esmoli.com\/wp-content\/uploads\/2026\/03\/Es-Moli-hotel_logo_granate-1024x497.png 1024w, https:\/\/welcome.esmoli.com\/wp-content\/uploads\/2026\/03\/Es-Moli-hotel_logo_granate-768x372.png 768w, https:\/\/welcome.esmoli.com\/wp-content\/uploads\/2026\/03\/Es-Moli-hotel_logo_granate.png 1064w\" sizes=\"(max-width: 300px) 100vw, 300px\" \/>\t\t\t\t\t\t\t\t\t\t\t\t\t<\/div>\n\t\t\t\t<\/div>\n\t\t\t\t<div class=\"elementor-element elementor-element-daec6f5 elementor-widget elementor-widget-heading\" data-id=\"daec6f5\" data-element_type=\"widget\" data-widget_type=\"heading.default\">\n\t\t\t\t<div class=\"elementor-widget-container\">\n\t\t\t<h2 class=\"elementor-heading-title elementor-size-default\">Crique \u00ab Muleta \u00bb - H\u00f4tel Es Moli<\/h2>\t\t<\/div>\n\t\t\t\t<\/div>\n\t\t\t\t\t<\/div>\n\t\t<\/div>\n\t\t\t\t\t<\/div>\n\t\t<\/section>\n\t\t\t\t<section class=\"elementor-section elementor-top-section elementor-element elementor-element-a323d47 elementor-section-boxed elementor-section-height-default elementor-section-height-default\" data-id=\"a323d47\" data-element_type=\"section\">\n\t\t\t\t\t\t<div class=\"elementor-container elementor-column-gap-default\">\n\t\t\t\t\t<div class=\"elementor-column elementor-col-100 elementor-top-column elementor-element elementor-element-93ace8e\" data-id=\"93ace8e\" data-element_type=\"column\">\n\t\t\t<div class=\"elementor-widget-wrap\">\n\t\t\t\t\t\t\t<\/div>\n\t\t<\/div>\n\t\t\t\t\t<\/div>\n\t\t<\/section>\n\t\t\t\t<section class=\"elementor-section elementor-top-section elementor-element elementor-element-30a4507 elementor-section-boxed elementor-section-height-default elementor-section-height-default\" data-id=\"30a4507\" data-element_type=\"section\">\n\t\t\t\t\t\t<div class=\"elementor-container elementor-column-gap-default\">\n\t\t\t\t\t<div class=\"elementor-column elementor-col-100 elementor-top-column elementor-element elementor-element-b2e4d83\" data-id=\"b2e4d83\" data-element_type=\"column\">\n\t\t\t<div class=\"elementor-widget-wrap elementor-element-populated\">\n\t\t\t\t\t\t<div class=\"elementor-element elementor-element-86fabc4 elementor-widget elementor-widget-image\" data-id=\"86fabc4\" data-element_type=\"widget\" data-widget_type=\"image.default\">\n\t\t\t\t<div class=\"elementor-widget-container\">\n\t\t\t\t\t\t\t\t\t\t\t\t\t<img fetchpriority=\"high\" decoding=\"async\" width=\"768\" height=\"576\" src=\"https:\/\/welcome.esmoli.com\/wp-content\/uploads\/2025\/01\/4073-copia-768x576.jpg\" class=\"attachment-medium_large size-medium_large wp-image-8758\" alt=\"\" srcset=\"https:\/\/welcome.esmoli.com\/wp-content\/uploads\/2025\/01\/4073-copia-768x576.jpg 768w, https:\/\/welcome.esmoli.com\/wp-content\/uploads\/2025\/01\/4073-copia-300x225.jpg 300w, https:\/\/welcome.esmoli.com\/wp-content\/uploads\/2025\/01\/4073-copia-1024x768.jpg 1024w, https:\/\/welcome.esmoli.com\/wp-content\/uploads\/2025\/01\/4073-copia.jpg 1200w\" sizes=\"(max-width: 768px) 100vw, 768px\" \/>\t\t\t\t\t\t\t\t\t\t\t\t\t<\/div>\n\t\t\t\t<\/div>\n\t\t\t\t<div class=\"elementor-element elementor-element-a187e0f elementor-widget elementor-widget-text-editor\" data-id=\"a187e0f\" data-element_type=\"widget\" data-widget_type=\"text-editor.default\">\n\t\t\t\t<div class=\"elementor-widget-container\">\n\t\t\t\t\t\t\t<p>L\u2019h\u00f4tel Es Moli de Deia (Majorque) offre \u00e0 ses h\u00f4tes la possibilit\u00e9 de profiter de <strong>Muleta<\/strong>, un endroit d\u2019une beaut\u00e9 incomparable, avec acc\u00e8s direct \u00e0 la M\u00e9diterran\u00e9e. Muleta est une <strong>r\u00e9serve naturelle<\/strong>, et nous vous prions de bien vouloir contribuer \u00e0 pr\u00e9server l\u2019environnement en respectant les dispositions l\u00e9gales en vigueur.<\/p>\t\t\t\t\t\t<\/div>\n\t\t\t\t<\/div>\n\t\t\t\t<div class=\"elementor-element elementor-element-b022868 elementor-widget elementor-widget-alert\" data-id=\"b022868\" data-element_type=\"widget\" data-widget_type=\"alert.default\">\n\t\t\t\t<div class=\"elementor-widget-container\">\n\t\t\t\t\t<div class=\"elementor-alert elementor-alert-info\" role=\"alert\">\n\t\t\t<span class=\"elementor-alert-title\">INFORMATIONS IMPORTANTES: <\/span>\n\t\t\t\t\t\t\t<span class=\"elementor-alert-description\">\n<br>\n\n\n<strong>Muleta est une r\u00e9serve naturelle avec une capacit\u00e9 limit\u00e9e. <\/strong>Pour garantir votre acc\u00e8s \u00e0 la crique Muleta, une\u00a0<strong>r\u00e9servation pr\u00e9alable\u00a0<\/strong>est requise. Afin de donner \u00e0 tous nos h\u00f4tes l\u2019occasion de profiter de ce bel endroit, vous pouvez r\u00e9server avant votre arriv\u00e9e un maximum de deux journ\u00e9es \u00e0 Muleta, en envoyant un mail \u00e0 <strong><href=\"mailto:recepcion@esmoli.com\">recepcion@esmoli.com<\/a><\/strong> (plus de journ\u00e9es peuvent \u00eatre r\u00e9serv\u00e9es directement \u00e0 la<strong> r\u00e9ception <\/strong>quand vous \u00eates \u00e0 l\u2019h\u00f4tel, selon disponibilit\u00e9).\n<br><br> <strong>Avoir une chambre r\u00e9serv\u00e9e \u00e0 l\u2019h\u00f4tel ne garantit pas l\u2019acc\u00e8s \u00e0 Muleta<\/strong>. Nous vous recommandons donc d\u2019effectuer votre r\u00e9servation bien \u00e0 l\u2019avance. Sans r\u00e9servation pr\u00e9alable, l\u2019acc\u00e8s ne sera pas permis.\n<br><br>\nVeuillez prendre note que, conform\u00e9ment aux r\u00e9glementations en vigueur concernant la protection de cet environnement naturel, il est interdit de placer les chaises longues \u00e0 une distance de moins de 15 m\u00e8tres de la mer et que leur nombre est limit\u00e9.\n<\/span>\n\t\t\t\t\t\t\t\t\t\t<button type=\"button\" class=\"elementor-alert-dismiss\">\n\t\t\t\t\t\t\t\t\t\t\t<span aria-hidden=\"true\">&times;<\/span>\n\t\t\t\t\t\t\t\t\t\t<span class=\"elementor-screen-only\">Ignorer cette alerte.<\/span>\n\t\t\t\t<\/button>\n\t\t\t\t\t<\/div>\n\t\t\t\t<\/div>\n\t\t\t\t<\/div>\n\t\t\t\t<div class=\"elementor-element elementor-element-4540c4d elementor-widget elementor-widget-text-editor\" data-id=\"4540c4d\" data-element_type=\"widget\" data-widget_type=\"text-editor.default\">\n\t\t\t\t<div class=\"elementor-widget-container\">\n\t\t\t\t\t\t\t<p><strong>SERVICES \u00c0 MULETA<\/strong><\/p><p>D\u00e9tendez-vous dans les eaux cristallines de la M\u00e9diterran\u00e9e et savourez une boisson rafra\u00eechissante ou un d\u00e9licieux d\u00e9jeuner dans notre snack-bar.<\/p><p><strong>Horaires d\u2019ouverture du snack-bar :<\/strong><\/p><ul><li>Service de boissons : 10h00 \u00e0 18h00<\/li><li>Service de d\u00e9jeuner : 13h00 \u00e0 16h00<\/li><\/ul><p>\u00c0 Muleta, des <strong>vestiaires<\/strong> et des <strong>douches<\/strong> sont disponibles pour votre confort.<\/p><p><strong>Les chaises longues et les tables<\/strong> ne sont pas r\u00e9serv\u00e9es. Pour les utiliser, veuillez vous adresser directement \u00e0 notre \u00e9quipe de Muleta.<\/p>\t\t\t\t\t\t<\/div>\n\t\t\t\t<\/div>\n\t\t\t\t<div class=\"elementor-element elementor-element-dad5eb8 elementor-widget elementor-widget-text-editor\" data-id=\"dad5eb8\" data-element_type=\"widget\" data-widget_type=\"text-editor.default\">\n\t\t\t\t<div class=\"elementor-widget-container\">\n\t\t\t\t\t\t\t<p><strong>TRANSFERT A MULETA<\/strong><\/p><p>Muleta est situ\u00e9e \u00e0 9 km de l\u2019h\u00f4tel, et nous vous proposons un service de navette gratuite (dur\u00e9e 20-25 minutes). Vous pouvez aussi y aller avec votre propre voiture. Veuillez consulter les <strong>horaires de la navette<\/strong> \u00e0 la r\u00e9ception de l\u2019h\u00f4tel\u00a0:<\/p><ul><li>H\u00f4tel-Muleta : 10h00 &#8211; 12h30 &#8211; 15h30<\/li><li>Muleta-H\u00f4tel : 12h00 &#8211; 15h00 &#8211; 18h00<\/li><\/ul><p>Notre bus a une capacit\u00e9 maximale de 25 personnes. S\u2019il est complet, nous vous prions de bien vouloir attendre le prochain trajet.<\/p>\t\t\t\t\t\t<\/div>\n\t\t\t\t<\/div>\n\t\t\t\t<div class=\"elementor-element elementor-element-4144346 elementor-widget elementor-widget-text-editor\" data-id=\"4144346\" data-element_type=\"widget\" data-widget_type=\"text-editor.default\">\n\t\t\t\t<div class=\"elementor-widget-container\">\n\t\t\t\t\t\t\t<p><strong>ACC\u00c8S ET R\u00c9SERVATIONS<\/strong><\/p><p>L\u2019acc\u00e8s \u00e0 Muleta <strong>n\u2019est possible qu\u2019avec une r\u00e9servation pr\u00e9alable<\/strong> que vous pouvez effectuer soit \u00e0 la r\u00e9ception de l\u2019h\u00f4tel soit par mail \u00e0 <a href=\"mailto:recepcion@esmoli.com\">recepcion@esmoli.com<\/a>. Quand vous faites votre r\u00e9servation, veuillez indiquer si vous utiliserez la navette de l\u2019h\u00f4tel ou votre propre voiture pour le transfert. La r\u00e9servation garantit uniquement l\u2019acc\u00e8s \u00e0 la crique. <strong>Les chaises longues et les tables ne sont pas r\u00e9serv\u00e9es<\/strong>. Pour les utiliser, veuillez contacter notre \u00e9quipe de Muleta quand vous \u00eates sur place.<\/p><p>Merci de contribuer \u00e0 la protection de ce site naturel merveilleux. Tous ensembles, nous pouvons pr\u00e9server Muleta pour les g\u00e9n\u00e9rations futures.<\/p>\t\t\t\t\t\t<\/div>\n\t\t\t\t<\/div>\n\t\t\t\t\t<\/div>\n\t\t<\/div>\n\t\t\t\t\t<\/div>\n\t\t<\/section>\n\t\t\t\t<section class=\"elementor-section elementor-top-section elementor-element elementor-element-30fc015 elementor-section-boxed elementor-section-height-default elementor-section-height-default\" data-id=\"30fc015\" data-element_type=\"section\">\n\t\t\t\t\t\t<div class=\"elementor-container elementor-column-gap-default\">\n\t\t\t\t\t<div class=\"elementor-column elementor-col-100 elementor-top-column elementor-element elementor-element-c3d7e25\" data-id=\"c3d7e25\" data-element_type=\"column\">\n\t\t\t<div class=\"elementor-widget-wrap elementor-element-populated\">\n\t\t\t\t\t\t<div class=\"elementor-element elementor-element-1c60eba elementor-widget elementor-widget-text-editor\" data-id=\"1c60eba\" data-element_type=\"widget\" data-widget_type=\"text-editor.default\">\n\t\t\t\t<div class=\"elementor-widget-container\">\n\t\t\t\t\t\t\t<br\/>\n<br\/>\n<br\/>\n<br\/>\n\t\t\t\t\t\t<\/div>\n\t\t\t\t<\/div>\n\t\t\t\t\t<\/div>\n\t\t<\/div>\n\t\t\t\t\t<\/div>\n\t\t<\/section>\n\t\t\t\t<\/div>\n\t\t","protected":false},"excerpt":{"rendered":"<p>Retourner Crique \u00ab Muleta \u00bb &#8211; H\u00f4tel Es Moli L\u2019h\u00f4tel Es Moli de Deia (Majorque) offre \u00e0 ses h\u00f4tes la possibilit\u00e9 de profiter de Muleta, un endroit d\u2019une beaut\u00e9 incomparable, &hellip;<\/p>\n<p class=\"read-more\"> <a class=\"\" href=\"https:\/\/welcome.esmoli.com\/fr\/acceso-al-mar-muleta\/\"> <span class=\"screen-reader-text\">Info Muleta<\/span> Lire la suite\u00a0\u00bb<\/a><\/p>\n","protected":false},"author":3,"featured_media":0,"parent":0,"menu_order":0,"comment_status":"closed","ping_status":"closed","template":"elementor_header_footer","meta":{"site-sidebar-layout":"no-sidebar","site-content-layout":"page-builder","ast-site-content-layout":"full-width-container","site-content-style":"unboxed","site-sidebar-style":"unboxed","ast-global-header-display":"","ast-banner-title-visibility":"","ast-main-header-display":"","ast-hfb-above-header-display":"","ast-hfb-below-header-display":"","ast-hfb-mobile-header-display":"","site-post-title":"disabled","ast-breadcrumbs-content":"","ast-featured-img":"disabled","footer-sml-layout":"","theme-transparent-header-meta":"default","adv-header-id-meta":"","stick-header-meta":"","header-above-stick-meta":"","header-main-stick-meta":"","header-below-stick-meta":"","astra-migrate-meta-layouts":"set","ast-page-background-enabled":"default","ast-page-background-meta":{"desktop":{"background-color":"","background-image":"","background-repeat":"repeat","background-position":"center center","background-size":"auto","background-attachment":"scroll","background-type":"","background-media":"","overlay-type":"","overlay-color":"","overlay-gradient":""},"tablet":{"background-color":"","background-image":"","background-repeat":"repeat","background-position":"center center","background-size":"auto","background-attachment":"scroll","background-type":"","background-media":"","overlay-type":"","overlay-color":"","overlay-gradient":""},"mobile":{"background-color":"","background-image":"","background-repeat":"repeat","background-position":"center center","background-size":"auto","background-attachment":"scroll","background-type":"","background-media":"","overlay-type":"","overlay-color":"","overlay-gradient":""}},"ast-content-background-meta":{"desktop":{"background-color":"var(--ast-global-color-5)","background-image":"","background-repeat":"repeat","background-position":"center center","background-size":"auto","background-attachment":"scroll","background-type":"","background-media":"","overlay-type":"","overlay-color":"","overlay-gradient":""},"tablet":{"background-color":"var(--ast-global-color-5)","background-image":"","background-repeat":"repeat","background-position":"center center","background-size":"auto","background-attachment":"scroll","background-type":"","background-media":"","overlay-type":"","overlay-color":"","overlay-gradient":""},"mobile":{"background-color":"var(--ast-global-color-5)","background-image":"","background-repeat":"repeat","background-position":"center center","background-size":"auto","background-attachment":"scroll","background-type":"","background-media":"","overlay-type":"","overlay-color":"","overlay-gradient":""}},"footnotes":""},"class_list":["post-8773","page","type-page","status-publish","hentry"],"_links":{"self":[{"href":"https:\/\/welcome.esmoli.com\/fr\/wp-json\/wp\/v2\/pages\/8773","targetHints":{"allow":["GET"]}}],"collection":[{"href":"https:\/\/welcome.esmoli.com\/fr\/wp-json\/wp\/v2\/pages"}],"about":[{"href":"https:\/\/welcome.esmoli.com\/fr\/wp-json\/wp\/v2\/types\/page"}],"author":[{"embeddable":true,"href":"https:\/\/welcome.esmoli.com\/fr\/wp-json\/wp\/v2\/users\/3"}],"replies":[{"embeddable":true,"href":"https:\/\/welcome.esmoli.com\/fr\/wp-json\/wp\/v2\/comments?post=8773"}],"version-history":[{"count":26,"href":"https:\/\/welcome.esmoli.com\/fr\/wp-json\/wp\/v2\/pages\/8773\/revisions"}],"predecessor-version":[{"id":10686,"href":"https:\/\/welcome.esmoli.com\/fr\/wp-json\/wp\/v2\/pages\/8773\/revisions\/10686"}],"wp:attachment":[{"href":"https:\/\/welcome.esmoli.com\/fr\/wp-json\/wp\/v2\/media?parent=8773"}],"curies":[{"name":"wp","href":"https:\/\/api.w.org\/{rel}","templated":true}]}}